{"id":798,"date":"2023-11-06T15:00:09","date_gmt":"2023-11-06T18:00:09","guid":{"rendered":"https:\/\/gcdc.com.ar\/?page_id=798"},"modified":"2026-02-19T14:22:08","modified_gmt":"2026-02-19T17:22:08","slug":"beneficios","status":"publish","type":"page","link":"https:\/\/gcdc.com.ar\/en\/beneficios\/","title":{"rendered":"Beneficios gcdc"},"content":{"rendered":"","protected":false},"excerpt":{"rendered":"","protected":false},"author":2,"featured_media":0,"parent":0,"menu_order":0,"comment_status":"closed","ping_status":"closed","template":"","meta":{"footnotes":""},"class_list":["post-798","page","type-page","status-publish","hentry"],"yoast_head":"<!-- This site is optimized with the Yoast SEO plugin v27.4 - https:\/\/yoast.com\/product\/yoast-seo-wordpress\/ -->\n<title>Beneficios GCDC<\/title>\n<meta name=\"description\" content=\"M\u00e1s de 33 a\u00f1os Movi\u00e9ndonos al futuro\" \/>\n<meta name=\"robots\" content=\"index, follow, max-snippet:-1, max-image-preview:large, max-video-preview:-1\" \/>\n<link rel=\"canonical\" href=\"https:\/\/gcdc.com.ar\/en\/beneficios\/\" \/>\n<meta property=\"og:locale\" content=\"en_GB\" \/>\n<meta property=\"og:type\" content=\"article\" \/>\n<meta property=\"og:title\" content=\"Beneficios GCDC\" \/>\n<meta property=\"og:description\" content=\"M\u00e1s de 33 a\u00f1os Movi\u00e9ndonos al futuro\" \/>\n<meta property=\"og:url\" content=\"https:\/\/gcdc.com.ar\/en\/beneficios\/\" \/>\n<meta property=\"og:site_name\" content=\"GCDC\" \/>\n<meta property=\"article:modified_time\" content=\"2026-02-19T17:22:08+00:00\" \/>\n<meta name=\"twitter:card\" content=\"summary_large_image\" \/>\n<script type=\"application\/ld+json\" class=\"yoast-schema-graph\">{\"@context\":\"https:\\\/\\\/schema.org\",\"@graph\":[{\"@type\":\"WebPage\",\"@id\":\"https:\\\/\\\/gcdc.com.ar\\\/beneficios\\\/\",\"url\":\"https:\\\/\\\/gcdc.com.ar\\\/beneficios\\\/\",\"name\":\"Beneficios GCDC\",\"isPartOf\":{\"@id\":\"https:\\\/\\\/gcdc.com.ar\\\/#website\"},\"datePublished\":\"2023-11-06T18:00:09+00:00\",\"dateModified\":\"2026-02-19T17:22:08+00:00\",\"description\":\"M\u00e1s de 33 a\u00f1os Movi\u00e9ndonos al futuro\",\"breadcrumb\":{\"@id\":\"https:\\\/\\\/gcdc.com.ar\\\/beneficios\\\/#breadcrumb\"},\"inLanguage\":\"en-GB\",\"potentialAction\":[{\"@type\":\"ReadAction\",\"target\":[\"https:\\\/\\\/gcdc.com.ar\\\/beneficios\\\/\"]}]},{\"@type\":\"BreadcrumbList\",\"@id\":\"https:\\\/\\\/gcdc.com.ar\\\/beneficios\\\/#breadcrumb\",\"itemListElement\":[{\"@type\":\"ListItem\",\"position\":1,\"name\":\"Inicio\",\"item\":\"https:\\\/\\\/gcdc.com.ar\\\/\"},{\"@type\":\"ListItem\",\"position\":2,\"name\":\"Beneficios gcdc\"}]},{\"@type\":\"WebSite\",\"@id\":\"https:\\\/\\\/gcdc.com.ar\\\/#website\",\"url\":\"https:\\\/\\\/gcdc.com.ar\\\/\",\"name\":\"GCDC\",\"description\":\"Soluciones de movilidad\",\"potentialAction\":[{\"@type\":\"SearchAction\",\"target\":{\"@type\":\"EntryPoint\",\"urlTemplate\":\"https:\\\/\\\/gcdc.com.ar\\\/?s={search_term_string}\"},\"query-input\":{\"@type\":\"PropertyValueSpecification\",\"valueRequired\":true,\"valueName\":\"search_term_string\"}}],\"inLanguage\":\"en-GB\"}]}<\/script>\n<!-- \/ Yoast SEO plugin. -->","yoast_head_json":{"title":"Beneficios GCDC","description":"M\u00e1s de 33 a\u00f1os Movi\u00e9ndonos al futuro","robots":{"index":"index","follow":"follow","max-snippet":"max-snippet:-1","max-image-preview":"max-image-preview:large","max-video-preview":"max-video-preview:-1"},"canonical":"https:\/\/gcdc.com.ar\/en\/beneficios\/","og_locale":"en_GB","og_type":"article","og_title":"Beneficios GCDC","og_description":"M\u00e1s de 33 a\u00f1os Movi\u00e9ndonos al futuro","og_url":"https:\/\/gcdc.com.ar\/en\/beneficios\/","og_site_name":"GCDC","article_modified_time":"2026-02-19T17:22:08+00:00","twitter_card":"summary_large_image","schema":{"@context":"https:\/\/schema.org","@graph":[{"@type":"WebPage","@id":"https:\/\/gcdc.com.ar\/beneficios\/","url":"https:\/\/gcdc.com.ar\/beneficios\/","name":"Beneficios GCDC","isPartOf":{"@id":"https:\/\/gcdc.com.ar\/#website"},"datePublished":"2023-11-06T18:00:09+00:00","dateModified":"2026-02-19T17:22:08+00:00","description":"M\u00e1s de 33 a\u00f1os Movi\u00e9ndonos al futuro","breadcrumb":{"@id":"https:\/\/gcdc.com.ar\/beneficios\/#breadcrumb"},"inLanguage":"en-GB","potentialAction":[{"@type":"ReadAction","target":["https:\/\/gcdc.com.ar\/beneficios\/"]}]},{"@type":"BreadcrumbList","@id":"https:\/\/gcdc.com.ar\/beneficios\/#breadcrumb","itemListElement":[{"@type":"ListItem","position":1,"name":"Inicio","item":"https:\/\/gcdc.com.ar\/"},{"@type":"ListItem","position":2,"name":"Beneficios gcdc"}]},{"@type":"WebSite","@id":"https:\/\/gcdc.com.ar\/#website","url":"https:\/\/gcdc.com.ar\/","name":"GCDC","description":"Soluciones de movilidad","potentialAction":[{"@type":"SearchAction","target":{"@type":"EntryPoint","urlTemplate":"https:\/\/gcdc.com.ar\/?s={search_term_string}"},"query-input":{"@type":"PropertyValueSpecification","valueRequired":true,"valueName":"search_term_string"}}],"inLanguage":"en-GB"}]}},"_links":{"self":[{"href":"https:\/\/gcdc.com.ar\/en\/wp-json\/wp\/v2\/pages\/798","targetHints":{"allow":["GET"]}}],"collection":[{"href":"https:\/\/gcdc.com.ar\/en\/wp-json\/wp\/v2\/pages"}],"about":[{"href":"https:\/\/gcdc.com.ar\/en\/wp-json\/wp\/v2\/types\/page"}],"author":[{"embeddable":true,"href":"https:\/\/gcdc.com.ar\/en\/wp-json\/wp\/v2\/users\/2"}],"replies":[{"embeddable":true,"href":"https:\/\/gcdc.com.ar\/en\/wp-json\/wp\/v2\/comments?post=798"}],"version-history":[{"count":0,"href":"https:\/\/gcdc.com.ar\/en\/wp-json\/wp\/v2\/pages\/798\/revisions"}],"wp:attachment":[{"href":"https:\/\/gcdc.com.ar\/en\/wp-json\/wp\/v2\/media?parent=798"}],"curies":[{"name":"wp","href":"https:\/\/api.w.org\/{rel}","templated":true}]}}