{"id":1189,"date":"2024-11-13T09:15:47","date_gmt":"2024-11-13T12:15:47","guid":{"rendered":"https:\/\/gcdc.com.ar\/?page_id=1189"},"modified":"2024-11-13T10:34:14","modified_gmt":"2024-11-13T13:34:14","slug":"marcas","status":"publish","type":"page","link":"https:\/\/gcdc.com.ar\/en\/marcas\/","title":{"rendered":"Marcas landing"},"content":{"rendered":"","protected":false},"excerpt":{"rendered":"","protected":false},"author":2,"featured_media":0,"parent":0,"menu_order":0,"comment_status":"closed","ping_status":"closed","template":"","meta":{"footnotes":""},"class_list":["post-1189","page","type-page","status-publish","hentry"],"yoast_head":"<!-- This site is optimized with the Yoast SEO plugin v27.3 - https:\/\/yoast.com\/product\/yoast-seo-wordpress\/ -->\n<title>HOME - GCDC \u2013 Soluciones de movilidad<\/title>\n<meta name=\"description\" content=\"M\u00e1s de 33 a\u00f1os Movi\u00e9ndonos al futuro\" \/>\n<meta name=\"robots\" content=\"index, follow, max-snippet:-1, max-image-preview:large, max-video-preview:-1\" \/>\n<link rel=\"canonical\" href=\"https:\/\/gcdc.com.ar\/en\/marcas\/\" \/>\n<meta property=\"og:locale\" content=\"en_GB\" \/>\n<meta property=\"og:type\" content=\"article\" \/>\n<meta property=\"og:title\" content=\"HOME - GCDC \u2013 Soluciones de movilidad\" \/>\n<meta property=\"og:description\" content=\"M\u00e1s de 33 a\u00f1os Movi\u00e9ndonos al futuro\" \/>\n<meta property=\"og:url\" content=\"https:\/\/gcdc.com.ar\/en\/marcas\/\" \/>\n<meta property=\"og:site_name\" content=\"GCDC\" \/>\n<meta property=\"article:modified_time\" content=\"2024-11-13T13:34:14+00:00\" \/>\n<meta name=\"twitter:card\" content=\"summary_large_image\" \/>\n<script type=\"application\/ld+json\" class=\"yoast-schema-graph\">{\"@context\":\"https:\\\/\\\/schema.org\",\"@graph\":[{\"@type\":\"WebPage\",\"@id\":\"https:\\\/\\\/gcdc.com.ar\\\/marcas\\\/\",\"url\":\"https:\\\/\\\/gcdc.com.ar\\\/marcas\\\/\",\"name\":\"HOME - GCDC \u2013 Soluciones de movilidad\",\"isPartOf\":{\"@id\":\"https:\\\/\\\/gcdc.com.ar\\\/#website\"},\"datePublished\":\"2024-11-13T12:15:47+00:00\",\"dateModified\":\"2024-11-13T13:34:14+00:00\",\"description\":\"M\u00e1s de 33 a\u00f1os Movi\u00e9ndonos al futuro\",\"breadcrumb\":{\"@id\":\"https:\\\/\\\/gcdc.com.ar\\\/marcas\\\/#breadcrumb\"},\"inLanguage\":\"en-GB\",\"potentialAction\":[{\"@type\":\"ReadAction\",\"target\":[\"https:\\\/\\\/gcdc.com.ar\\\/marcas\\\/\"]}]},{\"@type\":\"BreadcrumbList\",\"@id\":\"https:\\\/\\\/gcdc.com.ar\\\/marcas\\\/#breadcrumb\",\"itemListElement\":[{\"@type\":\"ListItem\",\"position\":1,\"name\":\"Inicio\",\"item\":\"https:\\\/\\\/gcdc.com.ar\\\/\"},{\"@type\":\"ListItem\",\"position\":2,\"name\":\"Marcas landing\"}]},{\"@type\":\"WebSite\",\"@id\":\"https:\\\/\\\/gcdc.com.ar\\\/#website\",\"url\":\"https:\\\/\\\/gcdc.com.ar\\\/\",\"name\":\"GCDC\",\"description\":\"Soluciones de movilidad\",\"potentialAction\":[{\"@type\":\"SearchAction\",\"target\":{\"@type\":\"EntryPoint\",\"urlTemplate\":\"https:\\\/\\\/gcdc.com.ar\\\/?s={search_term_string}\"},\"query-input\":{\"@type\":\"PropertyValueSpecification\",\"valueRequired\":true,\"valueName\":\"search_term_string\"}}],\"inLanguage\":\"en-GB\"}]}<\/script>\n<!-- \/ Yoast SEO plugin. -->","yoast_head_json":{"title":"HOME - GCDC \u2013 Soluciones de movilidad","description":"M\u00e1s de 33 a\u00f1os Movi\u00e9ndonos al futuro","robots":{"index":"index","follow":"follow","max-snippet":"max-snippet:-1","max-image-preview":"max-image-preview:large","max-video-preview":"max-video-preview:-1"},"canonical":"https:\/\/gcdc.com.ar\/en\/marcas\/","og_locale":"en_GB","og_type":"article","og_title":"HOME - GCDC \u2013 Soluciones de movilidad","og_description":"M\u00e1s de 33 a\u00f1os Movi\u00e9ndonos al futuro","og_url":"https:\/\/gcdc.com.ar\/en\/marcas\/","og_site_name":"GCDC","article_modified_time":"2024-11-13T13:34:14+00:00","twitter_card":"summary_large_image","schema":{"@context":"https:\/\/schema.org","@graph":[{"@type":"WebPage","@id":"https:\/\/gcdc.com.ar\/marcas\/","url":"https:\/\/gcdc.com.ar\/marcas\/","name":"HOME - GCDC \u2013 Soluciones de movilidad","isPartOf":{"@id":"https:\/\/gcdc.com.ar\/#website"},"datePublished":"2024-11-13T12:15:47+00:00","dateModified":"2024-11-13T13:34:14+00:00","description":"M\u00e1s de 33 a\u00f1os Movi\u00e9ndonos al futuro","breadcrumb":{"@id":"https:\/\/gcdc.com.ar\/marcas\/#breadcrumb"},"inLanguage":"en-GB","potentialAction":[{"@type":"ReadAction","target":["https:\/\/gcdc.com.ar\/marcas\/"]}]},{"@type":"BreadcrumbList","@id":"https:\/\/gcdc.com.ar\/marcas\/#breadcrumb","itemListElement":[{"@type":"ListItem","position":1,"name":"Inicio","item":"https:\/\/gcdc.com.ar\/"},{"@type":"ListItem","position":2,"name":"Marcas landing"}]},{"@type":"WebSite","@id":"https:\/\/gcdc.com.ar\/#website","url":"https:\/\/gcdc.com.ar\/","name":"GCDC","description":"Soluciones de movilidad","potentialAction":[{"@type":"SearchAction","target":{"@type":"EntryPoint","urlTemplate":"https:\/\/gcdc.com.ar\/?s={search_term_string}"},"query-input":{"@type":"PropertyValueSpecification","valueRequired":true,"valueName":"search_term_string"}}],"inLanguage":"en-GB"}]}},"_links":{"self":[{"href":"https:\/\/gcdc.com.ar\/en\/wp-json\/wp\/v2\/pages\/1189","targetHints":{"allow":["GET"]}}],"collection":[{"href":"https:\/\/gcdc.com.ar\/en\/wp-json\/wp\/v2\/pages"}],"about":[{"href":"https:\/\/gcdc.com.ar\/en\/wp-json\/wp\/v2\/types\/page"}],"author":[{"embeddable":true,"href":"https:\/\/gcdc.com.ar\/en\/wp-json\/wp\/v2\/users\/2"}],"replies":[{"embeddable":true,"href":"https:\/\/gcdc.com.ar\/en\/wp-json\/wp\/v2\/comments?post=1189"}],"version-history":[{"count":0,"href":"https:\/\/gcdc.com.ar\/en\/wp-json\/wp\/v2\/pages\/1189\/revisions"}],"wp:attachment":[{"href":"https:\/\/gcdc.com.ar\/en\/wp-json\/wp\/v2\/media?parent=1189"}],"curies":[{"name":"wp","href":"https:\/\/api.w.org\/{rel}","templated":true}]}}